{"id":3275,"date":"2012-03-30T13:24:14","date_gmt":"2012-03-30T10:24:14","guid":{"rendered":"https:\/\/fatfish.xyz\/?post_type=product&#038;p=3275"},"modified":"2020-07-22T14:20:20","modified_gmt":"2020-07-22T11:20:20","slug":"la-fe-en-el-universo-literario-de-jorge-luis-borges","status":"publish","type":"product","link":"https:\/\/www.vanleer.org.il\/en\/publication\/la-fe-en-el-universo-literario-de-jorge-luis-borges\/","title":{"rendered":"La fe en el universo literario de Jorge Luis Borges"},"content":{"rendered":"<p dir=\"ltr\" style=\"text-align: left;\">En el horizonte de la inabarcable cr\u00edtica borgeana, un aspecto al que se le ha prestado una atenci\u00f3n menor es el de la fe. Si bien se ha incursionado de modo focalizado en el tratamiento de las religiones que Borges realiza en sus escritos, as\u00ed como en su lectura de los sistemas teol\u00f3gicos espec\u00edficos de cada una de ellas, no ha habido hasta el momento un estudio de conjunto que indague en la manifestaci\u00f3n de la fe en el universo borgeano, tanto como concepto teol\u00f3gico y pr\u00e1ctica religiosa, como desde una perspectiva filos\u00f3fica y hasta literaria per se. Con tal objetivo, en mayo de 2010 se llev\u00f3 a cabo en el Instituto Van Leer de Jerusal\u00e9n el Coloquio \"La fe en el mundo literario de Jorge Luis Borges\", cuyos trabajos y debates constituyen la base del presente volumen. Participan en \u00e9ste los siguientes investigadores: Alfonso de Toro, Arturo Echavarr\u00eda, Ruth Fine, Evelyn Fishburn, Luce L\u00f3pez-Baralt, Ignacio Padilla, Lucrecia Romera y Sa\u00fal Sosnowski.<\/p>\n","protected":false},"excerpt":{"rendered":"<p>En el horizonte de la inabarcable cr\u00edtica borgeana, un aspecto al que se le ha prestado una atenci\u00f3n menor es el de la fe. Si bien se ha incursionado de modo focalizado en el tratamiento de las religiones que Borges realiza en sus escritos, as\u00ed como en su lectura de los sistemas teol\u00f3gicos espec\u00edficos de&#8230;<\/p>\n","protected":false},"featured_media":32175,"template":"","meta":{"_acf_changed":false,"inline_featured_image":false},"tags":[],"product_brand":[],"product_cat":[98,78],"product_tag":[],"class_list":{"0":"post-3275","1":"product","2":"type-product","3":"status-publish","4":"has-post-thumbnail","6":"product_cat-books-in-english","7":"product_cat-general","9":"first","10":"outofstock","11":"shipping-taxable","12":"product-type-simple"},"acf":[],"yoast_head":"<!-- This site is optimized with the Yoast SEO plugin v26.7 - https:\/\/yoast.com\/wordpress\/plugins\/seo\/ -->\n<title>La fe en el universo literario de Jorge Luis Borges - The Vanleer Institute in Jerusalem<\/title>\n<meta name=\"description\" content=\"La fe en el universo literario de Jorge Luis Borges | The Van Leer Institute Press publishes academic books and journals in the social sciences and the humanities, nonfiction, policy papers, and position papers based on research at the Institute.\" \/>\n<meta name=\"robots\" content=\"index, follow, max-snippet:-1, max-image-preview:large, max-video-preview:-1\" \/>\n<link rel=\"canonical\" href=\"https:\/\/www.vanleer.org.il\/en\/publication\/la-fe-en-el-universo-literario-de-jorge-luis-borges\/\" \/>\n<meta property=\"og:locale\" content=\"en_US\" \/>\n<meta property=\"og:type\" content=\"article\" \/>\n<meta property=\"og:title\" content=\"La fe en el universo literario de Jorge Luis Borges - The Vanleer Institute in Jerusalem\" \/>\n<meta property=\"og:description\" content=\"La fe en el universo literario de Jorge Luis Borges | The Van Leer Institute Press publishes academic books and journals in the social sciences and the humanities, nonfiction, policy papers, and position papers based on research at the Institute.\" \/>\n<meta property=\"og:url\" content=\"https:\/\/www.vanleer.org.il\/en\/publication\/la-fe-en-el-universo-literario-de-jorge-luis-borges\/\" \/>\n<meta property=\"og:site_name\" content=\"The Vanleer Institute in Jerusalem\" \/>\n<meta property=\"article:publisher\" content=\"https:\/\/www.facebook.com\/vanleer.institute\/\" \/>\n<meta property=\"article:modified_time\" content=\"2020-07-22T11:20:20+00:00\" \/>\n<meta property=\"og:image\" content=\"https:\/\/www.vanleer.org.il\/wp-content\/uploads\/2020\/03\/\u05d1\u05d5\u05e8\u05d7\u05e1-scaled.jpeg\" \/>\n\t<meta property=\"og:image:width\" content=\"924\" \/>\n\t<meta property=\"og:image:height\" content=\"1469\" \/>\n\t<meta property=\"og:image:type\" content=\"image\/jpeg\" \/>\n<meta name=\"twitter:card\" content=\"summary_large_image\" \/>\n<meta name=\"twitter:site\" content=\"@VanleerInst\" \/>\n<meta name=\"twitter:label1\" content=\"Est. reading time\" \/>\n\t<meta name=\"twitter:data1\" content=\"1 minute\" \/>\n<script type=\"application\/ld+json\" class=\"yoast-schema-graph\">{\"@context\":\"https:\/\/schema.org\",\"@graph\":[{\"@type\":\"WebPage\",\"@id\":\"https:\/\/www.vanleer.org.il\/en\/publication\/la-fe-en-el-universo-literario-de-jorge-luis-borges\/\",\"url\":\"https:\/\/www.vanleer.org.il\/en\/publication\/la-fe-en-el-universo-literario-de-jorge-luis-borges\/\",\"name\":\"La fe en el universo literario de Jorge Luis Borges - The Vanleer Institute in Jerusalem\",\"isPartOf\":{\"@id\":\"https:\/\/www.vanleer.org.il\/#website\"},\"primaryImageOfPage\":{\"@id\":\"https:\/\/www.vanleer.org.il\/en\/publication\/la-fe-en-el-universo-literario-de-jorge-luis-borges\/#primaryimage\"},\"image\":{\"@id\":\"https:\/\/www.vanleer.org.il\/en\/publication\/la-fe-en-el-universo-literario-de-jorge-luis-borges\/#primaryimage\"},\"thumbnailUrl\":\"https:\/\/www.vanleer.org.il\/wp-content\/uploads\/2020\/03\/\u05d1\u05d5\u05e8\u05d7\u05e1-scaled.jpeg\",\"datePublished\":\"2012-03-30T10:24:14+00:00\",\"dateModified\":\"2020-07-22T11:20:20+00:00\",\"description\":\"La fe en el universo literario de Jorge Luis Borges | The Van Leer Institute Press publishes academic books and journals in the social sciences and the humanities, nonfiction, policy papers, and position papers based on research at the Institute.\",\"breadcrumb\":{\"@id\":\"https:\/\/www.vanleer.org.il\/en\/publication\/la-fe-en-el-universo-literario-de-jorge-luis-borges\/#breadcrumb\"},\"inLanguage\":\"en-US\",\"potentialAction\":[{\"@type\":\"ReadAction\",\"target\":[\"https:\/\/www.vanleer.org.il\/en\/publication\/la-fe-en-el-universo-literario-de-jorge-luis-borges\/\"]}]},{\"@type\":\"ImageObject\",\"inLanguage\":\"en-US\",\"@id\":\"https:\/\/www.vanleer.org.il\/en\/publication\/la-fe-en-el-universo-literario-de-jorge-luis-borges\/#primaryimage\",\"url\":\"https:\/\/www.vanleer.org.il\/wp-content\/uploads\/2020\/03\/\u05d1\u05d5\u05e8\u05d7\u05e1-scaled.jpeg\",\"contentUrl\":\"https:\/\/www.vanleer.org.il\/wp-content\/uploads\/2020\/03\/\u05d1\u05d5\u05e8\u05d7\u05e1-scaled.jpeg\",\"width\":924,\"height\":1468},{\"@type\":\"BreadcrumbList\",\"@id\":\"https:\/\/www.vanleer.org.il\/en\/publication\/la-fe-en-el-universo-literario-de-jorge-luis-borges\/#breadcrumb\",\"itemListElement\":[{\"@type\":\"ListItem\",\"position\":1,\"name\":\"\u05e8\u05d0\u05e9\u05d9\",\"item\":\"https:\/\/www.vanleer.org.il\/\"},{\"@type\":\"ListItem\",\"position\":2,\"name\":\"Publications\",\"item\":\"https:\/\/www.vanleer.org.il\/en\/publications\/\"},{\"@type\":\"ListItem\",\"position\":3,\"name\":\"La fe en el universo literario de Jorge Luis Borges\"}]},{\"@type\":\"WebSite\",\"@id\":\"https:\/\/www.vanleer.org.il\/#website\",\"url\":\"https:\/\/www.vanleer.org.il\/\",\"name\":\"The Vanleer Institute in Jerusalem\",\"description\":\"Fosters innovative interdisciplinary research in the humanities and social sciences\",\"publisher\":{\"@id\":\"https:\/\/www.vanleer.org.il\/#organization\"},\"potentialAction\":[{\"@type\":\"SearchAction\",\"target\":{\"@type\":\"EntryPoint\",\"urlTemplate\":\"https:\/\/www.vanleer.org.il\/?s={search_term_string}\"},\"query-input\":{\"@type\":\"PropertyValueSpecification\",\"valueRequired\":true,\"valueName\":\"search_term_string\"}}],\"inLanguage\":\"en-US\"},{\"@type\":\"Organization\",\"@id\":\"https:\/\/www.vanleer.org.il\/#organization\",\"name\":\"The Van Leer Jerusalem Institute\",\"url\":\"https:\/\/www.vanleer.org.il\/\",\"logo\":{\"@type\":\"ImageObject\",\"inLanguage\":\"en-US\",\"@id\":\"https:\/\/www.vanleer.org.il\/#\/schema\/logo\/image\/\",\"url\":\"https:\/\/www.vanleer.org.il\/wp-content\/uploads\/2020\/07\/Logo-Van-Leer.jpg\",\"contentUrl\":\"https:\/\/www.vanleer.org.il\/wp-content\/uploads\/2020\/07\/Logo-Van-Leer.jpg\",\"width\":1181,\"height\":709,\"caption\":\"The Van Leer Jerusalem Institute\"},\"image\":{\"@id\":\"https:\/\/www.vanleer.org.il\/#\/schema\/logo\/image\/\"},\"sameAs\":[\"https:\/\/www.facebook.com\/vanleer.institute\/\",\"https:\/\/x.com\/VanleerInst\",\"https:\/\/www.instagram.com\/van_leer_institute\/\",\"https:\/\/il.linkedin.com\/company\/the-van-leer-jerusalem-institute-\u05de\u05db\u05d5\u05df\u05d5\u05df\u05dc\u05d9\u05e8\",\"https:\/\/www.youtube.com\/user\/VanleerInstitute\",\"https:\/\/he.wikipedia.org\/wiki\/\u05de\u05db\u05d5\u05df_\u05d5\u05df_\u05dc\u05d9\u05e8_\u05d1\u05d9\u05e8\u05d5\u05e9\u05dc\u05d9\u05dd\"]}]}<\/script>\n<!-- \/ Yoast SEO plugin. -->","yoast_head_json":{"title":"La fe en el universo literario de Jorge Luis Borges - The Vanleer Institute in Jerusalem","description":"La fe en el universo literario de Jorge Luis Borges | The Van Leer Institute Press publishes academic books and journals in the social sciences and the humanities, nonfiction, policy papers, and position papers based on research at the Institute.","robots":{"index":"index","follow":"follow","max-snippet":"max-snippet:-1","max-image-preview":"max-image-preview:large","max-video-preview":"max-video-preview:-1"},"canonical":"https:\/\/www.vanleer.org.il\/en\/publication\/la-fe-en-el-universo-literario-de-jorge-luis-borges\/","og_locale":"en_US","og_type":"article","og_title":"La fe en el universo literario de Jorge Luis Borges - The Vanleer Institute in Jerusalem","og_description":"La fe en el universo literario de Jorge Luis Borges | The Van Leer Institute Press publishes academic books and journals in the social sciences and the humanities, nonfiction, policy papers, and position papers based on research at the Institute.","og_url":"https:\/\/www.vanleer.org.il\/en\/publication\/la-fe-en-el-universo-literario-de-jorge-luis-borges\/","og_site_name":"The Vanleer Institute in Jerusalem","article_publisher":"https:\/\/www.facebook.com\/vanleer.institute\/","article_modified_time":"2020-07-22T11:20:20+00:00","og_image":[{"width":924,"height":1469,"url":"https:\/\/www.vanleer.org.il\/wp-content\/uploads\/2020\/03\/\u05d1\u05d5\u05e8\u05d7\u05e1-scaled.jpeg","type":"image\/jpeg"}],"twitter_card":"summary_large_image","twitter_site":"@VanleerInst","twitter_misc":{"Est. reading time":"1 minute"},"schema":{"@context":"https:\/\/schema.org","@graph":[{"@type":"WebPage","@id":"https:\/\/www.vanleer.org.il\/en\/publication\/la-fe-en-el-universo-literario-de-jorge-luis-borges\/","url":"https:\/\/www.vanleer.org.il\/en\/publication\/la-fe-en-el-universo-literario-de-jorge-luis-borges\/","name":"La fe en el universo literario de Jorge Luis Borges - The Vanleer Institute in Jerusalem","isPartOf":{"@id":"https:\/\/www.vanleer.org.il\/#website"},"primaryImageOfPage":{"@id":"https:\/\/www.vanleer.org.il\/en\/publication\/la-fe-en-el-universo-literario-de-jorge-luis-borges\/#primaryimage"},"image":{"@id":"https:\/\/www.vanleer.org.il\/en\/publication\/la-fe-en-el-universo-literario-de-jorge-luis-borges\/#primaryimage"},"thumbnailUrl":"https:\/\/www.vanleer.org.il\/wp-content\/uploads\/2020\/03\/\u05d1\u05d5\u05e8\u05d7\u05e1-scaled.jpeg","datePublished":"2012-03-30T10:24:14+00:00","dateModified":"2020-07-22T11:20:20+00:00","description":"La fe en el universo literario de Jorge Luis Borges | The Van Leer Institute Press publishes academic books and journals in the social sciences and the humanities, nonfiction, policy papers, and position papers based on research at the Institute.","breadcrumb":{"@id":"https:\/\/www.vanleer.org.il\/en\/publication\/la-fe-en-el-universo-literario-de-jorge-luis-borges\/#breadcrumb"},"inLanguage":"en-US","potentialAction":[{"@type":"ReadAction","target":["https:\/\/www.vanleer.org.il\/en\/publication\/la-fe-en-el-universo-literario-de-jorge-luis-borges\/"]}]},{"@type":"ImageObject","inLanguage":"en-US","@id":"https:\/\/www.vanleer.org.il\/en\/publication\/la-fe-en-el-universo-literario-de-jorge-luis-borges\/#primaryimage","url":"https:\/\/www.vanleer.org.il\/wp-content\/uploads\/2020\/03\/\u05d1\u05d5\u05e8\u05d7\u05e1-scaled.jpeg","contentUrl":"https:\/\/www.vanleer.org.il\/wp-content\/uploads\/2020\/03\/\u05d1\u05d5\u05e8\u05d7\u05e1-scaled.jpeg","width":924,"height":1468},{"@type":"BreadcrumbList","@id":"https:\/\/www.vanleer.org.il\/en\/publication\/la-fe-en-el-universo-literario-de-jorge-luis-borges\/#breadcrumb","itemListElement":[{"@type":"ListItem","position":1,"name":"\u05e8\u05d0\u05e9\u05d9","item":"https:\/\/www.vanleer.org.il\/"},{"@type":"ListItem","position":2,"name":"Publications","item":"https:\/\/www.vanleer.org.il\/en\/publications\/"},{"@type":"ListItem","position":3,"name":"La fe en el universo literario de Jorge Luis Borges"}]},{"@type":"WebSite","@id":"https:\/\/www.vanleer.org.il\/#website","url":"https:\/\/www.vanleer.org.il\/","name":"The Vanleer Institute in Jerusalem","description":"Fosters innovative interdisciplinary research in the humanities and social sciences","publisher":{"@id":"https:\/\/www.vanleer.org.il\/#organization"},"potentialAction":[{"@type":"SearchAction","target":{"@type":"EntryPoint","urlTemplate":"https:\/\/www.vanleer.org.il\/?s={search_term_string}"},"query-input":{"@type":"PropertyValueSpecification","valueRequired":true,"valueName":"search_term_string"}}],"inLanguage":"en-US"},{"@type":"Organization","@id":"https:\/\/www.vanleer.org.il\/#organization","name":"The Van Leer Jerusalem Institute","url":"https:\/\/www.vanleer.org.il\/","logo":{"@type":"ImageObject","inLanguage":"en-US","@id":"https:\/\/www.vanleer.org.il\/#\/schema\/logo\/image\/","url":"https:\/\/www.vanleer.org.il\/wp-content\/uploads\/2020\/07\/Logo-Van-Leer.jpg","contentUrl":"https:\/\/www.vanleer.org.il\/wp-content\/uploads\/2020\/07\/Logo-Van-Leer.jpg","width":1181,"height":709,"caption":"The Van Leer Jerusalem Institute"},"image":{"@id":"https:\/\/www.vanleer.org.il\/#\/schema\/logo\/image\/"},"sameAs":["https:\/\/www.facebook.com\/vanleer.institute\/","https:\/\/x.com\/VanleerInst","https:\/\/www.instagram.com\/van_leer_institute\/","https:\/\/il.linkedin.com\/company\/the-van-leer-jerusalem-institute-\u05de\u05db\u05d5\u05df\u05d5\u05df\u05dc\u05d9\u05e8","https:\/\/www.youtube.com\/user\/VanleerInstitute","https:\/\/he.wikipedia.org\/wiki\/\u05de\u05db\u05d5\u05df_\u05d5\u05df_\u05dc\u05d9\u05e8_\u05d1\u05d9\u05e8\u05d5\u05e9\u05dc\u05d9\u05dd"]}]}},"_links":{"self":[{"href":"https:\/\/www.vanleer.org.il\/en\/wp-json\/wp\/v2\/product\/3275","targetHints":{"allow":["GET"]}}],"collection":[{"href":"https:\/\/www.vanleer.org.il\/en\/wp-json\/wp\/v2\/product"}],"about":[{"href":"https:\/\/www.vanleer.org.il\/en\/wp-json\/wp\/v2\/types\/product"}],"wp:featuredmedia":[{"embeddable":true,"href":"https:\/\/www.vanleer.org.il\/en\/wp-json\/wp\/v2\/media\/32175"}],"wp:attachment":[{"href":"https:\/\/www.vanleer.org.il\/en\/wp-json\/wp\/v2\/media?parent=3275"}],"wp:term":[{"taxonomy":"post_tag","embeddable":true,"href":"https:\/\/www.vanleer.org.il\/en\/wp-json\/wp\/v2\/tags?post=3275"},{"taxonomy":"product_brand","embeddable":true,"href":"https:\/\/www.vanleer.org.il\/en\/wp-json\/wp\/v2\/product_brand?post=3275"},{"taxonomy":"product_cat","embeddable":true,"href":"https:\/\/www.vanleer.org.il\/en\/wp-json\/wp\/v2\/product_cat?post=3275"},{"taxonomy":"product_tag","embeddable":true,"href":"https:\/\/www.vanleer.org.il\/en\/wp-json\/wp\/v2\/product_tag?post=3275"}],"curies":[{"name":"wp","href":"https:\/\/api.w.org\/{rel}","templated":true}]}}